{"id":5319,"date":"2024-10-15T16:25:09","date_gmt":"2024-10-15T20:25:09","guid":{"rendered":"https:\/\/abacentersfl.com\/?page_id=5319"},"modified":"2024-11-06T10:30:36","modified_gmt":"2024-11-06T15:30:36","slug":"soporte-para-autismo","status":"publish","type":"page","link":"https:\/\/abacentersfl.com\/es\/soporte-para-autismo\/","title":{"rendered":"Soporte para Autismo"},"content":{"rendered":"<div data-elementor-type=\"wp-page\" data-elementor-id=\"5319\" class=\"elementor elementor-5319\" data-elementor-post-type=\"page\">\n\t\t\t\t<div class=\"elementor-element elementor-element-03b9720 e-con-full e-flex e-con e-parent\" data-id=\"03b9720\" data-element_type=\"container\" data-settings=\"{&quot;background_background&quot;:&quot;classic&quot;}\">\n\t\t\t\t<div class=\"elementor-element elementor-element-0c2c2a7 elementor-widget__width-initial elementor-widget elementor-widget-image\" data-id=\"0c2c2a7\" data-element_type=\"widget\" data-widget_type=\"image.default\">\n\t\t\t\t<div class=\"elementor-widget-container\">\n\t\t\t\t\t\t\t\t\t\t\t\t\t\t\t<img fetchpriority=\"high\" decoding=\"async\" width=\"1024\" height=\"140\" src=\"https:\/\/abacentersfl.com\/wp-content\/uploads\/top-border-2-1024x140.png\" class=\"attachment-large size-large wp-image-5291\" alt=\"\" srcset=\"https:\/\/abacentersfl.com\/wp-content\/uploads\/top-border-2-1024x140.png 1024w, https:\/\/abacentersfl.com\/wp-content\/uploads\/top-border-2-300x41.png 300w, https:\/\/abacentersfl.com\/wp-content\/uploads\/top-border-2-768x105.png 768w, https:\/\/abacentersfl.com\/wp-content\/uploads\/top-border-2-1536x211.png 1536w, https:\/\/abacentersfl.com\/wp-content\/uploads\/top-border-2-18x2.png 18w, https:\/\/abacentersfl.com\/wp-content\/uploads\/top-border-2.png 1919w\" sizes=\"(max-width: 1024px) 100vw, 1024px\" \/>\t\t\t\t\t\t\t\t\t\t\t\t\t\t\t<\/div>\n\t\t\t\t<\/div>\n\t\t\t\t<\/div>\n\t\t<div class=\"elementor-element elementor-element-8691cde e-flex e-con-boxed e-con e-parent\" data-id=\"8691cde\" data-element_type=\"container\" data-settings=\"{&quot;background_background&quot;:&quot;gradient&quot;}\">\n\t\t\t\t\t<div class=\"e-con-inner\">\n\t\t<div class=\"elementor-element elementor-element-85cdb79 e-con-full e-flex e-con e-child\" data-id=\"85cdb79\" data-element_type=\"container\">\n\t\t<div class=\"elementor-element elementor-element-e395311 e-con-full e-flex e-con e-child\" data-id=\"e395311\" data-element_type=\"container\">\n\t\t\t\t<div class=\"elementor-element elementor-element-afc0dc2 elementor-absolute premium-floating-effects-yes animated-slow elementor-invisible elementor-widget elementor-widget-image\" data-id=\"afc0dc2\" data-element_type=\"widget\" data-settings=\"{&quot;_position&quot;:&quot;absolute&quot;,&quot;premium_fe_translate_switcher&quot;:&quot;yes&quot;,&quot;_animation&quot;:&quot;zoomInRight&quot;,&quot;premium_fe_Xtranslate&quot;:{&quot;unit&quot;:&quot;px&quot;,&quot;size&quot;:&quot;&quot;,&quot;sizes&quot;:{&quot;from&quot;:0,&quot;to&quot;:5}},&quot;premium_fe_Xtranslate_tablet&quot;:{&quot;unit&quot;:&quot;px&quot;,&quot;size&quot;:&quot;&quot;,&quot;sizes&quot;:[]},&quot;premium_fe_Xtranslate_mobile&quot;:{&quot;unit&quot;:&quot;px&quot;,&quot;size&quot;:&quot;&quot;,&quot;sizes&quot;:[]},&quot;premium_fe_Ytranslate&quot;:{&quot;unit&quot;:&quot;px&quot;,&quot;size&quot;:&quot;&quot;,&quot;sizes&quot;:{&quot;from&quot;:0,&quot;to&quot;:5}},&quot;premium_fe_Ytranslate_tablet&quot;:{&quot;unit&quot;:&quot;px&quot;,&quot;size&quot;:&quot;&quot;,&quot;sizes&quot;:[]},&quot;premium_fe_Ytranslate_mobile&quot;:{&quot;unit&quot;:&quot;px&quot;,&quot;size&quot;:&quot;&quot;,&quot;sizes&quot;:[]},&quot;premium_fe_trans_duration&quot;:{&quot;unit&quot;:&quot;px&quot;,&quot;size&quot;:1000,&quot;sizes&quot;:[]},&quot;premium_fe_trans_delay&quot;:{&quot;unit&quot;:&quot;px&quot;,&quot;size&quot;:&quot;&quot;,&quot;sizes&quot;:[]},&quot;premium_fe_direction&quot;:&quot;alternate&quot;,&quot;premium_fe_loop&quot;:&quot;default&quot;,&quot;premium_fe_easing&quot;:&quot;easeInOutSine&quot;}\" data-widget_type=\"image.default\">\n\t\t\t\t<div class=\"elementor-widget-container\">\n\t\t\t\t\t\t\t\t\t\t\t\t\t\t\t<img decoding=\"async\" width=\"500\" height=\"500\" src=\"https:\/\/abacentersfl.com\/wp-content\/uploads\/balloons-1.png\" class=\"attachment-large size-large wp-image-5197\" alt=\"\" srcset=\"https:\/\/abacentersfl.com\/wp-content\/uploads\/balloons-1.png 500w, https:\/\/abacentersfl.com\/wp-content\/uploads\/balloons-1-300x300.png 300w, https:\/\/abacentersfl.com\/wp-content\/uploads\/balloons-1-150x150.png 150w, https:\/\/abacentersfl.com\/wp-content\/uploads\/balloons-1-12x12.png 12w\" sizes=\"(max-width: 500px) 100vw, 500px\" \/>\t\t\t\t\t\t\t\t\t\t\t\t\t\t\t<\/div>\n\t\t\t\t<\/div>\n\t\t\t\t<\/div>\n\t\t\t\t<div class=\"elementor-element elementor-element-c3f48dc animated-slow elementor-invisible elementor-widget elementor-widget-heading\" data-id=\"c3f48dc\" data-element_type=\"widget\" data-settings=\"{&quot;_animation&quot;:&quot;fadeInDown&quot;}\" data-widget_type=\"heading.default\">\n\t\t\t\t<div class=\"elementor-widget-container\">\n\t\t\t\t\t<h1 class=\"elementor-heading-title elementor-size-default\">Recursos y Agencias Que Brindan Apoyo<\/h1>\t\t\t\t<\/div>\n\t\t\t\t<\/div>\n\t\t\t\t<\/div>\n\t\t<div class=\"elementor-element elementor-element-0f85aab e-con-full e-flex e-con e-child\" data-id=\"0f85aab\" data-element_type=\"container\">\n\t\t<div class=\"elementor-element elementor-element-558cefb e-con-full e-transform animated-slow e-flex elementor-invisible e-con e-child\" data-id=\"558cefb\" data-element_type=\"container\" data-settings=\"{&quot;background_background&quot;:&quot;classic&quot;,&quot;_transform_scale_effect_hover&quot;:{&quot;unit&quot;:&quot;px&quot;,&quot;size&quot;:1.01,&quot;sizes&quot;:[]},&quot;animation&quot;:&quot;fadeIn&quot;,&quot;animation_delay&quot;:500,&quot;_transform_scale_effect_hover_tablet&quot;:{&quot;unit&quot;:&quot;px&quot;,&quot;size&quot;:&quot;&quot;,&quot;sizes&quot;:[]},&quot;_transform_scale_effect_hover_mobile&quot;:{&quot;unit&quot;:&quot;px&quot;,&quot;size&quot;:&quot;&quot;,&quot;sizes&quot;:[]}}\">\n\t\t\t\t<div class=\"elementor-element elementor-element-df3dd90 elementor-widget elementor-widget-image\" data-id=\"df3dd90\" data-element_type=\"widget\" data-widget_type=\"image.default\">\n\t\t\t\t<div class=\"elementor-widget-container\">\n\t\t\t\t\t\t\t\t\t\t\t\t\t\t\t<img decoding=\"async\" width=\"500\" height=\"500\" src=\"https:\/\/abacentersfl.com\/wp-content\/uploads\/Assets-23.png\" class=\"attachment-full size-full wp-image-5226\" alt=\"Un paso adelante para los estudiantes\" srcset=\"https:\/\/abacentersfl.com\/wp-content\/uploads\/Assets-23.png 500w, https:\/\/abacentersfl.com\/wp-content\/uploads\/Assets-23-300x300.png 300w, https:\/\/abacentersfl.com\/wp-content\/uploads\/Assets-23-150x150.png 150w, https:\/\/abacentersfl.com\/wp-content\/uploads\/Assets-23-12x12.png 12w\" sizes=\"(max-width: 500px) 100vw, 500px\" \/>\t\t\t\t\t\t\t\t\t\t\t\t\t\t\t<\/div>\n\t\t\t\t<\/div>\n\t\t\t\t<div class=\"elementor-element elementor-element-3ff4c76 elementor-widget elementor-widget-heading\" data-id=\"3ff4c76\" data-element_type=\"widget\" data-widget_type=\"heading.default\">\n\t\t\t\t<div class=\"elementor-widget-container\">\n\t\t\t\t\t<h2 class=\"elementor-heading-title elementor-size-default\">Un paso adelante para los estudiantes<\/h2>\t\t\t\t<\/div>\n\t\t\t\t<\/div>\n\t\t\t\t<div class=\"elementor-element elementor-element-35e2b1a elementor-widget elementor-widget-text-editor\" data-id=\"35e2b1a\" data-element_type=\"widget\" data-widget_type=\"text-editor.default\">\n\t\t\t\t<div class=\"elementor-widget-container\">\n\t\t\t\t\t\t\t\t\t<p>El Estado de Florida ofrece la\u00a0<strong>Beca de Empoderamiento Familiar<\/strong>\u00a0para ni\u00f1os con autismo y otras discapacidades del desarrollo. Esta beca ayudar\u00e1 a pagar la educaci\u00f3n en escuelas privadas, los servicios de terapia ABA, los servicios de terapia ocupacional, la tecnolog\u00eda y otros servicios que puedan ayudar.\u00a0<\/p>\t\t\t\t\t\t\t\t<\/div>\n\t\t\t\t<\/div>\n\t\t\t\t<\/div>\n\t\t<div class=\"elementor-element elementor-element-abd1ff4 e-con-full e-transform animated-slow e-flex elementor-invisible e-con e-child\" data-id=\"abd1ff4\" data-element_type=\"container\" data-settings=\"{&quot;background_background&quot;:&quot;classic&quot;,&quot;_transform_scale_effect_hover&quot;:{&quot;unit&quot;:&quot;px&quot;,&quot;size&quot;:1.01,&quot;sizes&quot;:[]},&quot;animation&quot;:&quot;fadeIn&quot;,&quot;animation_delay&quot;:1000,&quot;_transform_scale_effect_hover_tablet&quot;:{&quot;unit&quot;:&quot;px&quot;,&quot;size&quot;:&quot;&quot;,&quot;sizes&quot;:[]},&quot;_transform_scale_effect_hover_mobile&quot;:{&quot;unit&quot;:&quot;px&quot;,&quot;size&quot;:&quot;&quot;,&quot;sizes&quot;:[]}}\">\n\t\t\t\t<div class=\"elementor-element elementor-element-40addbb elementor-widget elementor-widget-image\" data-id=\"40addbb\" data-element_type=\"widget\" data-widget_type=\"image.default\">\n\t\t\t\t<div class=\"elementor-widget-container\">\n\t\t\t\t\t\t\t\t\t\t\t\t\t\t\t<img loading=\"lazy\" decoding=\"async\" width=\"500\" height=\"500\" src=\"https:\/\/abacentersfl.com\/wp-content\/uploads\/Assets-24.png\" class=\"attachment-full size-full wp-image-5225\" alt=\"Florida Health\" srcset=\"https:\/\/abacentersfl.com\/wp-content\/uploads\/Assets-24.png 500w, https:\/\/abacentersfl.com\/wp-content\/uploads\/Assets-24-300x300.png 300w, https:\/\/abacentersfl.com\/wp-content\/uploads\/Assets-24-150x150.png 150w, https:\/\/abacentersfl.com\/wp-content\/uploads\/Assets-24-12x12.png 12w\" sizes=\"(max-width: 500px) 100vw, 500px\" \/>\t\t\t\t\t\t\t\t\t\t\t\t\t\t\t<\/div>\n\t\t\t\t<\/div>\n\t\t\t\t<div class=\"elementor-element elementor-element-9f98e8e elementor-widget elementor-widget-heading\" data-id=\"9f98e8e\" data-element_type=\"widget\" data-widget_type=\"heading.default\">\n\t\t\t\t<div class=\"elementor-widget-container\">\n\t\t\t\t\t<h2 class=\"elementor-heading-title elementor-size-default\">\nSociedad de Autismo de Florida<\/h2>\t\t\t\t<\/div>\n\t\t\t\t<\/div>\n\t\t\t\t<div class=\"elementor-element elementor-element-fd92584 elementor-widget elementor-widget-text-editor\" data-id=\"fd92584\" data-element_type=\"widget\" data-widget_type=\"text-editor.default\">\n\t\t\t\t<div class=\"elementor-widget-container\">\n\t\t\t\t\t\t\t\t\t<p>El Departamento de Salud de Florida ofrece una lista completa de recursos para ni\u00f1os con autismo en el Estado de Florida, incluidos proveedores que diagnostican autismo, grupos de apoyo y enlaces a la Sociedad de Autismo de Florida.<\/p>\t\t\t\t\t\t\t\t<\/div>\n\t\t\t\t<\/div>\n\t\t\t\t<\/div>\n\t\t\t\t<\/div>\n\t\t<div class=\"elementor-element elementor-element-9f7f33c e-con-full e-flex e-con e-child\" data-id=\"9f7f33c\" data-element_type=\"container\">\n\t\t<div class=\"elementor-element elementor-element-603f7c5 e-con-full e-transform animated-slow e-flex elementor-invisible e-con e-child\" data-id=\"603f7c5\" data-element_type=\"container\" data-settings=\"{&quot;background_background&quot;:&quot;classic&quot;,&quot;_transform_scale_effect_hover&quot;:{&quot;unit&quot;:&quot;px&quot;,&quot;size&quot;:1.01,&quot;sizes&quot;:[]},&quot;animation&quot;:&quot;fadeIn&quot;,&quot;animation_delay&quot;:500,&quot;_transform_scale_effect_hover_tablet&quot;:{&quot;unit&quot;:&quot;px&quot;,&quot;size&quot;:&quot;&quot;,&quot;sizes&quot;:[]},&quot;_transform_scale_effect_hover_mobile&quot;:{&quot;unit&quot;:&quot;px&quot;,&quot;size&quot;:&quot;&quot;,&quot;sizes&quot;:[]}}\">\n\t\t\t\t<div class=\"elementor-element elementor-element-977646d elementor-widget elementor-widget-image\" data-id=\"977646d\" data-element_type=\"widget\" data-widget_type=\"image.default\">\n\t\t\t\t<div class=\"elementor-widget-container\">\n\t\t\t\t\t\t\t\t\t\t\t\t\t\t\t<img loading=\"lazy\" decoding=\"async\" width=\"500\" height=\"500\" src=\"https:\/\/abacentersfl.com\/wp-content\/uploads\/Assets-25.png\" class=\"attachment-full size-full wp-image-5224\" alt=\"Revista para padres de ni\u00f1os con autismo\" srcset=\"https:\/\/abacentersfl.com\/wp-content\/uploads\/Assets-25.png 500w, https:\/\/abacentersfl.com\/wp-content\/uploads\/Assets-25-300x300.png 300w, https:\/\/abacentersfl.com\/wp-content\/uploads\/Assets-25-150x150.png 150w, https:\/\/abacentersfl.com\/wp-content\/uploads\/Assets-25-12x12.png 12w\" sizes=\"(max-width: 500px) 100vw, 500px\" \/>\t\t\t\t\t\t\t\t\t\t\t\t\t\t\t<\/div>\n\t\t\t\t<\/div>\n\t\t\t\t<div class=\"elementor-element elementor-element-6a88713 elementor-widget elementor-widget-heading\" data-id=\"6a88713\" data-element_type=\"widget\" data-widget_type=\"heading.default\">\n\t\t\t\t<div class=\"elementor-widget-container\">\n\t\t\t\t\t<h2 class=\"elementor-heading-title elementor-size-default\">\nRevista para padres de ni\u00f1os con autismo<\/h2>\t\t\t\t<\/div>\n\t\t\t\t<\/div>\n\t\t\t\t<div class=\"elementor-element elementor-element-c31b427 elementor-widget elementor-widget-text-editor\" data-id=\"c31b427\" data-element_type=\"widget\" data-widget_type=\"text-editor.default\">\n\t\t\t\t<div class=\"elementor-widget-container\">\n\t\t\t\t\t\t\t\t\t<p>La revista Autism Parenting est\u00e1 dirigida tanto a padres de ni\u00f1os con autismo como a profesionales que buscan trabajar con ni\u00f1os en el espectro. El objetivo de la revista es publicar de manera imparcial informaci\u00f3n sobre temas relevantes, eventos, desarrollos, tratamientos y noticias relacionadas con el autismo.<\/p>\t\t\t\t\t\t\t\t<\/div>\n\t\t\t\t<\/div>\n\t\t\t\t<\/div>\n\t\t<div class=\"elementor-element elementor-element-16c7db7 e-con-full e-transform animated-slow e-flex elementor-invisible e-con e-child\" data-id=\"16c7db7\" data-element_type=\"container\" data-settings=\"{&quot;background_background&quot;:&quot;classic&quot;,&quot;_transform_scale_effect_hover&quot;:{&quot;unit&quot;:&quot;px&quot;,&quot;size&quot;:1.01,&quot;sizes&quot;:[]},&quot;animation&quot;:&quot;fadeIn&quot;,&quot;animation_delay&quot;:1000,&quot;_transform_scale_effect_hover_tablet&quot;:{&quot;unit&quot;:&quot;px&quot;,&quot;size&quot;:&quot;&quot;,&quot;sizes&quot;:[]},&quot;_transform_scale_effect_hover_mobile&quot;:{&quot;unit&quot;:&quot;px&quot;,&quot;size&quot;:&quot;&quot;,&quot;sizes&quot;:[]}}\">\n\t\t\t\t<div class=\"elementor-element elementor-element-5a15451 elementor-widget elementor-widget-image\" data-id=\"5a15451\" data-element_type=\"widget\" data-widget_type=\"image.default\">\n\t\t\t\t<div class=\"elementor-widget-container\">\n\t\t\t\t\t\t\t\t\t\t\t\t\t\t\t<img loading=\"lazy\" decoding=\"async\" width=\"500\" height=\"500\" src=\"https:\/\/abacentersfl.com\/wp-content\/uploads\/Assets-26.png\" class=\"attachment-full size-full wp-image-5223\" alt=\"Centers for disease control and prevention\" srcset=\"https:\/\/abacentersfl.com\/wp-content\/uploads\/Assets-26.png 500w, https:\/\/abacentersfl.com\/wp-content\/uploads\/Assets-26-300x300.png 300w, https:\/\/abacentersfl.com\/wp-content\/uploads\/Assets-26-150x150.png 150w, https:\/\/abacentersfl.com\/wp-content\/uploads\/Assets-26-12x12.png 12w\" sizes=\"(max-width: 500px) 100vw, 500px\" \/>\t\t\t\t\t\t\t\t\t\t\t\t\t\t\t<\/div>\n\t\t\t\t<\/div>\n\t\t\t\t<div class=\"elementor-element elementor-element-d5655d3 elementor-widget elementor-widget-heading\" data-id=\"d5655d3\" data-element_type=\"widget\" data-widget_type=\"heading.default\">\n\t\t\t\t<div class=\"elementor-widget-container\">\n\t\t\t\t\t<h2 class=\"elementor-heading-title elementor-size-default\">\nRecursos de los CDC sobre el autismo<\/h2>\t\t\t\t<\/div>\n\t\t\t\t<\/div>\n\t\t\t\t<div class=\"elementor-element elementor-element-509dcfb elementor-widget elementor-widget-text-editor\" data-id=\"509dcfb\" data-element_type=\"widget\" data-widget_type=\"text-editor.default\">\n\t\t\t\t<div class=\"elementor-widget-container\">\n\t\t\t\t\t\t\t\t\t<p>El CDC tiene una abundante informaci\u00f3n relacionada con el autismo. Son un gran recurso de informaci\u00f3n, servicios y herramientas para ayudar a los ni\u00f1os con autismo.<\/p>\t\t\t\t\t\t\t\t<\/div>\n\t\t\t\t<\/div>\n\t\t\t\t<\/div>\n\t\t\t\t<\/div>\n\t\t<div class=\"elementor-element elementor-element-d49b991 e-con-full e-flex e-con e-child\" data-id=\"d49b991\" data-element_type=\"container\">\n\t\t<div class=\"elementor-element elementor-element-2dd63de e-con-full e-transform animated-slow e-flex elementor-invisible e-con e-child\" data-id=\"2dd63de\" data-element_type=\"container\" data-settings=\"{&quot;background_background&quot;:&quot;classic&quot;,&quot;_transform_scale_effect_hover&quot;:{&quot;unit&quot;:&quot;px&quot;,&quot;size&quot;:1.01,&quot;sizes&quot;:[]},&quot;animation&quot;:&quot;fadeIn&quot;,&quot;animation_delay&quot;:500,&quot;_transform_scale_effect_hover_tablet&quot;:{&quot;unit&quot;:&quot;px&quot;,&quot;size&quot;:&quot;&quot;,&quot;sizes&quot;:[]},&quot;_transform_scale_effect_hover_mobile&quot;:{&quot;unit&quot;:&quot;px&quot;,&quot;size&quot;:&quot;&quot;,&quot;sizes&quot;:[]}}\">\n\t\t\t\t<div class=\"elementor-element elementor-element-709af51 elementor-widget elementor-widget-image\" data-id=\"709af51\" data-element_type=\"widget\" data-widget_type=\"image.default\">\n\t\t\t\t<div class=\"elementor-widget-container\">\n\t\t\t\t\t\t\t\t\t\t\t\t\t\t\t<img loading=\"lazy\" decoding=\"async\" width=\"500\" height=\"500\" src=\"https:\/\/abacentersfl.com\/wp-content\/uploads\/Assets-27.png\" class=\"attachment-full size-full wp-image-5222\" alt=\"Early Steps\" srcset=\"https:\/\/abacentersfl.com\/wp-content\/uploads\/Assets-27.png 500w, https:\/\/abacentersfl.com\/wp-content\/uploads\/Assets-27-300x300.png 300w, https:\/\/abacentersfl.com\/wp-content\/uploads\/Assets-27-150x150.png 150w, https:\/\/abacentersfl.com\/wp-content\/uploads\/Assets-27-12x12.png 12w\" sizes=\"(max-width: 500px) 100vw, 500px\" \/>\t\t\t\t\t\t\t\t\t\t\t\t\t\t\t<\/div>\n\t\t\t\t<\/div>\n\t\t\t\t<div class=\"elementor-element elementor-element-4ae0582 elementor-widget elementor-widget-heading\" data-id=\"4ae0582\" data-element_type=\"widget\" data-widget_type=\"heading.default\">\n\t\t\t\t<div class=\"elementor-widget-container\">\n\t\t\t\t\t<h2 class=\"elementor-heading-title elementor-size-default\">\nPrimeros pasos en Treasure Coast<\/h2>\t\t\t\t<\/div>\n\t\t\t\t<\/div>\n\t\t\t\t<div class=\"elementor-element elementor-element-47b72cf elementor-widget elementor-widget-text-editor\" data-id=\"47b72cf\" data-element_type=\"widget\" data-widget_type=\"text-editor.default\">\n\t\t\t\t<div class=\"elementor-widget-container\">\n\t\t\t\t\t\t\t\t\t<p>Early Steps es el sistema de intervenci\u00f3n temprana de Florida que ofrece servicios a ni\u00f1os elegibles, desde el nacimiento hasta los treinta y seis meses, con retrasos significativos en el desarrollo o una condici\u00f3n que probablemente resulte en un retraso en el desarrollo.<\/p>\t\t\t\t\t\t\t\t<\/div>\n\t\t\t\t<\/div>\n\t\t\t\t<\/div>\n\t\t<div class=\"elementor-element elementor-element-63a1aed e-con-full e-transform animated-slow e-flex elementor-invisible e-con e-child\" data-id=\"63a1aed\" data-element_type=\"container\" data-settings=\"{&quot;background_background&quot;:&quot;classic&quot;,&quot;_transform_scale_effect_hover&quot;:{&quot;unit&quot;:&quot;px&quot;,&quot;size&quot;:1.01,&quot;sizes&quot;:[]},&quot;animation&quot;:&quot;fadeIn&quot;,&quot;animation_delay&quot;:999,&quot;_transform_scale_effect_hover_tablet&quot;:{&quot;unit&quot;:&quot;px&quot;,&quot;size&quot;:&quot;&quot;,&quot;sizes&quot;:[]},&quot;_transform_scale_effect_hover_mobile&quot;:{&quot;unit&quot;:&quot;px&quot;,&quot;size&quot;:&quot;&quot;,&quot;sizes&quot;:[]}}\">\n\t\t\t\t<div class=\"elementor-element elementor-element-4406a8c elementor-widget elementor-widget-image\" data-id=\"4406a8c\" data-element_type=\"widget\" data-widget_type=\"image.default\">\n\t\t\t\t<div class=\"elementor-widget-container\">\n\t\t\t\t\t\t\t\t\t\t\t\t\t\t\t<img loading=\"lazy\" decoding=\"async\" width=\"500\" height=\"500\" src=\"https:\/\/abacentersfl.com\/wp-content\/uploads\/Assets-28.png\" class=\"attachment-full size-full wp-image-5221\" alt=\"St. Lucie County Children&#039;s Services Council\" srcset=\"https:\/\/abacentersfl.com\/wp-content\/uploads\/Assets-28.png 500w, https:\/\/abacentersfl.com\/wp-content\/uploads\/Assets-28-300x300.png 300w, https:\/\/abacentersfl.com\/wp-content\/uploads\/Assets-28-150x150.png 150w, https:\/\/abacentersfl.com\/wp-content\/uploads\/Assets-28-12x12.png 12w\" sizes=\"(max-width: 500px) 100vw, 500px\" \/>\t\t\t\t\t\t\t\t\t\t\t\t\t\t\t<\/div>\n\t\t\t\t<\/div>\n\t\t\t\t<div class=\"elementor-element elementor-element-8f91135 elementor-widget elementor-widget-heading\" data-id=\"8f91135\" data-element_type=\"widget\" data-widget_type=\"heading.default\">\n\t\t\t\t<div class=\"elementor-widget-container\">\n\t\t\t\t\t<h2 class=\"elementor-heading-title elementor-size-default\">\nConsejo de Servicios para Ni\u00f1os<\/h2>\t\t\t\t<\/div>\n\t\t\t\t<\/div>\n\t\t\t\t<div class=\"elementor-element elementor-element-f73c1c7 elementor-widget elementor-widget-text-editor\" data-id=\"f73c1c7\" data-element_type=\"widget\" data-widget_type=\"text-editor.default\">\n\t\t\t\t<div class=\"elementor-widget-container\">\n\t\t\t\t\t\t\t\t\t<p>Children's Services Council est\u00e1 dedicado al bienestar de los ni\u00f1os en nuestra comunidad y al papel positivo que juegan las familias y los adultos afectuosos en la vida de los ni\u00f1os.<\/p>\t\t\t\t\t\t\t\t<\/div>\n\t\t\t\t<\/div>\n\t\t\t\t<\/div>\n\t\t\t\t<\/div>\n\t\t\t\t\t<\/div>\n\t\t\t\t<\/div>\n\t\t\t\t<\/div>","protected":false},"excerpt":{"rendered":"<p>Resources and Agencies Providing Support Step Up For Students The State of Florida offers the\u00a0Family Empowerment Scholarship\u00a0for children with autism and other developmental disabilities. This scholarship will help pay for private school education, ABA therapy services, Occupational therapy services, technology, and other services that may help.\u00a0 Florida Department of Health The Florida Department of Health [&hellip;]<\/p>","protected":false},"author":17,"featured_media":0,"parent":0,"menu_order":0,"comment_status":"closed","ping_status":"closed","template":"","meta":{"site-sidebar-layout":"no-sidebar","site-content-layout":"","ast-site-content-layout":"full-width-container","site-content-style":"default","site-sidebar-style":"default","ast-global-header-display":"","ast-banner-title-visibility":"","ast-main-header-display":"","ast-hfb-above-header-display":"","ast-hfb-below-header-display":"","ast-hfb-mobile-header-display":"","site-post-title":"disabled","ast-breadcrumbs-content":"","ast-featured-img":"disabled","footer-sml-layout":"","theme-transparent-header-meta":"","adv-header-id-meta":"","stick-header-meta":"","header-above-stick-meta":"","header-main-stick-meta":"","header-below-stick-meta":"","astra-migrate-meta-layouts":"default","ast-page-background-enabled":"default","ast-page-background-meta":{"desktop":{"background-color":"var(--ast-global-color-4)","background-image":"","background-repeat":"repeat","background-position":"center center","background-size":"auto","background-attachment":"scroll","background-type":"","background-media":"","overlay-type":"","overlay-color":"","overlay-opacity":"","overlay-gradient":""},"tablet":{"background-color":"","background-image":"","background-repeat":"repeat","background-position":"center center","background-size":"auto","background-attachment":"scroll","background-type":"","background-media":"","overlay-type":"","overlay-color":"","overlay-opacity":"","overlay-gradient":""},"mobile":{"background-color":"","background-image":"","background-repeat":"repeat","background-position":"center center","background-size":"auto","background-attachment":"scroll","background-type":"","background-media":"","overlay-type":"","overlay-color":"","overlay-opacity":"","overlay-gradient":""}},"ast-content-background-meta":{"desktop":{"background-color":"var(--ast-global-color-5)","background-image":"","background-repeat":"repeat","background-position":"center center","background-size":"auto","background-attachment":"scroll","background-type":"","background-media":"","overlay-type":"","overlay-color":"","overlay-opacity":"","overlay-gradient":""},"tablet":{"background-color":"var(--ast-global-color-5)","background-image":"","background-repeat":"repeat","background-position":"center center","background-size":"auto","background-attachment":"scroll","background-type":"","background-media":"","overlay-type":"","overlay-color":"","overlay-opacity":"","overlay-gradient":""},"mobile":{"background-color":"var(--ast-global-color-5)","background-image":"","background-repeat":"repeat","background-position":"center center","background-size":"auto","background-attachment":"scroll","background-type":"","background-media":"","overlay-type":"","overlay-color":"","overlay-opacity":"","overlay-gradient":""}},"footnotes":""},"class_list":["post-5319","page","type-page","status-publish","hentry"],"_links":{"self":[{"href":"https:\/\/abacentersfl.com\/es\/wp-json\/wp\/v2\/pages\/5319","targetHints":{"allow":["GET"]}}],"collection":[{"href":"https:\/\/abacentersfl.com\/es\/wp-json\/wp\/v2\/pages"}],"about":[{"href":"https:\/\/abacentersfl.com\/es\/wp-json\/wp\/v2\/types\/page"}],"author":[{"embeddable":true,"href":"https:\/\/abacentersfl.com\/es\/wp-json\/wp\/v2\/users\/17"}],"replies":[{"embeddable":true,"href":"https:\/\/abacentersfl.com\/es\/wp-json\/wp\/v2\/comments?post=5319"}],"version-history":[{"count":0,"href":"https:\/\/abacentersfl.com\/es\/wp-json\/wp\/v2\/pages\/5319\/revisions"}],"wp:attachment":[{"href":"https:\/\/abacentersfl.com\/es\/wp-json\/wp\/v2\/media?parent=5319"}],"curies":[{"name":"wp","href":"https:\/\/api.w.org\/{rel}","templated":true}]}}