{"id":5414,"date":"2024-10-18T15:57:28","date_gmt":"2024-10-18T19:57:28","guid":{"rendered":"https:\/\/abacentersfl.com\/?page_id=5414"},"modified":"2024-10-23T16:08:24","modified_gmt":"2024-10-23T20:08:24","slug":"panthers-aan","status":"publish","type":"page","link":"https:\/\/abacentersfl.com\/es\/panthers-aan\/","title":{"rendered":"Autism Acceptance Night"},"content":{"rendered":"<div data-elementor-type=\"wp-page\" data-elementor-id=\"5414\" class=\"elementor elementor-5414\" data-elementor-post-type=\"page\">\n\t\t\t\t<div class=\"elementor-element elementor-element-03b9720 e-con-full e-flex e-con e-parent\" data-id=\"03b9720\" data-element_type=\"container\" data-settings=\"{&quot;background_background&quot;:&quot;classic&quot;}\">\n\t\t\t\t<div class=\"elementor-element elementor-element-0c2c2a7 elementor-widget__width-initial elementor-widget elementor-widget-image\" data-id=\"0c2c2a7\" data-element_type=\"widget\" data-widget_type=\"image.default\">\n\t\t\t\t<div class=\"elementor-widget-container\">\n\t\t\t\t\t\t\t\t\t\t\t\t\t\t\t<img fetchpriority=\"high\" decoding=\"async\" width=\"1024\" height=\"140\" src=\"https:\/\/abacentersfl.com\/wp-content\/uploads\/top-border-2-1024x140.png\" class=\"attachment-large size-large wp-image-5291\" alt=\"\" srcset=\"https:\/\/abacentersfl.com\/wp-content\/uploads\/top-border-2-1024x140.png 1024w, https:\/\/abacentersfl.com\/wp-content\/uploads\/top-border-2-300x41.png 300w, https:\/\/abacentersfl.com\/wp-content\/uploads\/top-border-2-768x105.png 768w, https:\/\/abacentersfl.com\/wp-content\/uploads\/top-border-2-1536x211.png 1536w, https:\/\/abacentersfl.com\/wp-content\/uploads\/top-border-2-18x2.png 18w, https:\/\/abacentersfl.com\/wp-content\/uploads\/top-border-2.png 1919w\" sizes=\"(max-width: 1024px) 100vw, 1024px\" \/>\t\t\t\t\t\t\t\t\t\t\t\t\t\t\t<\/div>\n\t\t\t\t<\/div>\n\t\t\t\t<\/div>\n\t\t<div class=\"elementor-element elementor-element-8b15e05 e-flex e-con-boxed e-con e-parent\" data-id=\"8b15e05\" data-element_type=\"container\" data-settings=\"{&quot;background_background&quot;:&quot;gradient&quot;}\">\n\t\t\t\t\t<div class=\"e-con-inner\">\n\t\t<div class=\"elementor-element elementor-element-ee0981f e-con-full e-flex e-con e-child\" data-id=\"ee0981f\" data-element_type=\"container\">\n\t\t<div class=\"elementor-element elementor-element-9a36d5f e-con-full e-flex e-con e-child\" data-id=\"9a36d5f\" data-element_type=\"container\">\n\t\t\t\t<div class=\"elementor-element elementor-element-64818c2 elementor-widget elementor-widget-heading\" data-id=\"64818c2\" data-element_type=\"widget\" data-widget_type=\"heading.default\">\n\t\t\t\t<div class=\"elementor-widget-container\">\n\t\t\t\t\t<h1 class=\"elementor-heading-title elementor-size-default\">\u00a1Gracias por Visitar Nuestro Stand Durante la Noche de Aceptaci\u00f3n del Autismo de los Panthers de Florida!<\/h1>\t\t\t\t<\/div>\n\t\t\t\t<\/div>\n\t\t\t\t<div class=\"elementor-element elementor-element-b933d48 elementor-widget elementor-widget-text-editor\" data-id=\"b933d48\" data-element_type=\"widget\" data-widget_type=\"text-editor.default\">\n\t\t\t\t<div class=\"elementor-widget-container\">\n\t\t\t\t\t\t\t\t\t<p>Agradecemos todas las oportunidades que se nos brindan para demostrar los servicios profesionales y los entornos apasionantes que ofrecemos a todos nuestros clientes del espectro autista.<\/p><p>\u00a1Nuestros terapeutas son compasivos y experimentados, y est\u00e1n listos para trabajar con tu familia y crear un plan de atenci\u00f3n individualizada que beneficie a tus ni\u00f1os!<\/p>\t\t\t\t\t\t\t\t<\/div>\n\t\t\t\t<\/div>\n\t\t\t\t<\/div>\n\t\t<div class=\"elementor-element elementor-element-3e92563 e-con-full e-flex e-con e-child\" data-id=\"3e92563\" data-element_type=\"container\">\n\t\t\t\t<div class=\"elementor-element elementor-element-a3fbac0 elementor-widget elementor-widget-image\" data-id=\"a3fbac0\" data-element_type=\"widget\" data-widget_type=\"image.default\">\n\t\t\t\t<div class=\"elementor-widget-container\">\n\t\t\t\t\t\t\t\t\t\t\t\t\t\t\t<img decoding=\"async\" width=\"1024\" height=\"1024\" src=\"https:\/\/abacentersfl.com\/wp-content\/uploads\/Autism-Professionals.jpg\" class=\"attachment-full size-full wp-image-5118\" alt=\"\" srcset=\"https:\/\/abacentersfl.com\/wp-content\/uploads\/Autism-Professionals.jpg 1024w, https:\/\/abacentersfl.com\/wp-content\/uploads\/Autism-Professionals-300x300.jpg 300w, https:\/\/abacentersfl.com\/wp-content\/uploads\/Autism-Professionals-150x150.jpg 150w, https:\/\/abacentersfl.com\/wp-content\/uploads\/Autism-Professionals-768x768.jpg 768w, https:\/\/abacentersfl.com\/wp-content\/uploads\/Autism-Professionals-12x12.jpg 12w\" sizes=\"(max-width: 1024px) 100vw, 1024px\" \/>\t\t\t\t\t\t\t\t\t\t\t\t\t\t\t<\/div>\n\t\t\t\t<\/div>\n\t\t\t\t<\/div>\n\t\t\t\t<\/div>\n\t\t\t\t\t<\/div>\n\t\t\t\t<\/div>\n\t\t<div class=\"elementor-element elementor-element-c245eaa e-con-full e-flex e-con e-parent\" data-id=\"c245eaa\" data-element_type=\"container\">\n\t\t\t\t<div class=\"elementor-element elementor-element-68e3064 elementor-widget elementor-widget-image\" data-id=\"68e3064\" data-element_type=\"widget\" data-widget_type=\"image.default\">\n\t\t\t\t<div class=\"elementor-widget-container\">\n\t\t\t\t\t\t\t\t\t\t\t\t\t\t\t<img decoding=\"async\" width=\"1920\" height=\"309\" src=\"https:\/\/abacentersfl.com\/wp-content\/uploads\/divider-clouds-2.png\" class=\"attachment-full size-full wp-image-5190\" alt=\"\" srcset=\"https:\/\/abacentersfl.com\/wp-content\/uploads\/divider-clouds-2.png 1920w, https:\/\/abacentersfl.com\/wp-content\/uploads\/divider-clouds-2-300x48.png 300w, https:\/\/abacentersfl.com\/wp-content\/uploads\/divider-clouds-2-1024x165.png 1024w, https:\/\/abacentersfl.com\/wp-content\/uploads\/divider-clouds-2-768x124.png 768w, https:\/\/abacentersfl.com\/wp-content\/uploads\/divider-clouds-2-1536x247.png 1536w, https:\/\/abacentersfl.com\/wp-content\/uploads\/divider-clouds-2-18x3.png 18w\" sizes=\"(max-width: 1920px) 100vw, 1920px\" \/>\t\t\t\t\t\t\t\t\t\t\t\t\t\t\t<\/div>\n\t\t\t\t<\/div>\n\t\t\t\t<\/div>\n\t\t<div class=\"elementor-element elementor-element-e1a8287 e-flex e-con-boxed e-con e-parent\" data-id=\"e1a8287\" data-element_type=\"container\">\n\t\t\t\t\t<div class=\"e-con-inner\">\n\t\t<div class=\"elementor-element elementor-element-2652abf e-con-full e-flex e-con e-child\" data-id=\"2652abf\" data-element_type=\"container\">\n\t\t\t\t<div class=\"elementor-element elementor-element-0bd8d62 elementor-widget elementor-widget-text-editor\" data-id=\"0bd8d62\" data-element_type=\"widget\" data-widget_type=\"text-editor.default\">\n\t\t\t\t<div class=\"elementor-widget-container\">\n\t\t\t\t\t\t\t\t\tDesde el diagn\u00f3stico inicial de autismo hasta la intervenci\u00f3n temprana y los beneficios comprobados de la terapia de juego, estamos comprometidos a brindar todas las herramientas necesarias para facilitar la vida de tu familia y, especialmente, la de tu hijo con autismo. \u00a1Est\u00e1s invitado a visitar una de nuestras sedes para ver todo en nuestra exposici\u00f3n m\u00f3vil a escala real y en funcionamiento o d\u00e9janos saber si la Terapia ABA en casa se adapta mejor a tus necesidades!\t\t\t\t\t\t\t\t<\/div>\n\t\t\t\t<\/div>\n\t\t\t\t<\/div>\n\t\t\t\t\t<\/div>\n\t\t\t\t<\/div>\n\t\t<div class=\"elementor-element elementor-element-47446de e-flex e-con-boxed e-con e-parent\" data-id=\"47446de\" data-element_type=\"container\">\n\t\t\t\t\t<div class=\"e-con-inner\">\n\t\t<div class=\"elementor-element elementor-element-ff02a16 e-con-full e-flex e-con e-child\" data-id=\"ff02a16\" data-element_type=\"container\">\n\t\t<div class=\"elementor-element elementor-element-d60d8ed e-con-full e-flex e-con e-child\" data-id=\"d60d8ed\" data-element_type=\"container\">\n\t\t\t\t<div class=\"elementor-element elementor-element-de2e5be elementor-widget elementor-widget-heading\" data-id=\"de2e5be\" data-element_type=\"widget\" data-widget_type=\"heading.default\">\n\t\t\t\t<div class=\"elementor-widget-container\">\n\t\t\t\t\t<h2 class=\"elementor-heading-title elementor-size-default\">Ubicaciones en Florida<\/h2>\t\t\t\t<\/div>\n\t\t\t\t<\/div>\n\t\t\t\t<div class=\"elementor-element elementor-element-fb7121e elementor-icon-list--layout-traditional elementor-list-item-link-full_width elementor-widget elementor-widget-icon-list\" data-id=\"fb7121e\" data-element_type=\"widget\" data-widget_type=\"icon-list.default\">\n\t\t\t\t<div class=\"elementor-widget-container\">\n\t\t\t\t\t\t\t<ul class=\"elementor-icon-list-items\">\n\t\t\t\t\t\t\t<li class=\"elementor-icon-list-item\">\n\t\t\t\t\t\t\t\t\t\t\t<span class=\"elementor-icon-list-icon\">\n\t\t\t\t\t\t\t<i aria-hidden=\"true\" class=\"fas fa-map-marker-alt\"><\/i>\t\t\t\t\t\t<\/span>\n\t\t\t\t\t\t\t\t\t\t<span class=\"elementor-icon-list-text\">Boca Raton (7000 W. Palmetto Park Rd., Suite 600)<\/span>\n\t\t\t\t\t\t\t\t\t<\/li>\n\t\t\t\t\t\t\t\t<li class=\"elementor-icon-list-item\">\n\t\t\t\t\t\t\t\t\t\t\t<span class=\"elementor-icon-list-icon\">\n\t\t\t\t\t\t\t<i aria-hidden=\"true\" class=\"fas fa-map-marker-alt\"><\/i>\t\t\t\t\t\t<\/span>\n\t\t\t\t\t\t\t\t\t\t<span class=\"elementor-icon-list-text\">Port Saint Lucie (1645 SE Port Saint Lucie Blvd.)<\/span>\n\t\t\t\t\t\t\t\t\t<\/li>\n\t\t\t\t\t\t<\/ul>\n\t\t\t\t\t\t<\/div>\n\t\t\t\t<\/div>\n\t\t\t\t<\/div>\n\t\t<div class=\"elementor-element elementor-element-4b9efad e-con-full e-flex e-con e-child\" data-id=\"4b9efad\" data-element_type=\"container\">\n\t\t\t\t<div class=\"elementor-element elementor-element-2922693 elementor-widget elementor-widget-heading\" data-id=\"2922693\" data-element_type=\"widget\" data-widget_type=\"heading.default\">\n\t\t\t\t<div class=\"elementor-widget-container\">\n\t\t\t\t\t<h2 class=\"elementor-heading-title elementor-size-default\">\u00c1reas de Cobertura<\/h2>\t\t\t\t<\/div>\n\t\t\t\t<\/div>\n\t\t\t\t<div class=\"elementor-element elementor-element-8370c56 elementor-icon-list--layout-inline elementor-list-item-link-inline elementor-widget elementor-widget-icon-list\" data-id=\"8370c56\" data-element_type=\"widget\" data-widget_type=\"icon-list.default\">\n\t\t\t\t<div class=\"elementor-widget-container\">\n\t\t\t\t\t\t\t<ul class=\"elementor-icon-list-items elementor-inline-items\">\n\t\t\t\t\t\t\t<li class=\"elementor-icon-list-item elementor-inline-item\">\n\t\t\t\t\t\t\t\t\t\t\t<span class=\"elementor-icon-list-icon\">\n\t\t\t\t\t\t\t<i aria-hidden=\"true\" class=\"fas fa-map-pin\"><\/i>\t\t\t\t\t\t<\/span>\n\t\t\t\t\t\t\t\t\t\t<span class=\"elementor-icon-list-text\">Boca Raton (7000 W. Palmetto Park Rd., Suite 600)<\/span>\n\t\t\t\t\t\t\t\t\t<\/li>\n\t\t\t\t\t\t\t\t<li class=\"elementor-icon-list-item elementor-inline-item\">\n\t\t\t\t\t\t\t\t\t\t\t<span class=\"elementor-icon-list-icon\">\n\t\t\t\t\t\t\t<i aria-hidden=\"true\" class=\"fas fa-map-pin\"><\/i>\t\t\t\t\t\t<\/span>\n\t\t\t\t\t\t\t\t\t\t<span class=\"elementor-icon-list-text\">Port Saint Lucie (1645 SE Port Saint Lucie Blvd.)<\/span>\n\t\t\t\t\t\t\t\t\t<\/li>\n\t\t\t\t\t\t<\/ul>\n\t\t\t\t\t\t<\/div>\n\t\t\t\t<\/div>\n\t\t\t\t<\/div>\n\t\t\t\t<\/div>\n\t\t\t\t\t<\/div>\n\t\t\t\t<\/div>\n\t\t<div class=\"elementor-element elementor-element-ae1df5b e-flex e-con-boxed e-con e-parent\" data-id=\"ae1df5b\" data-element_type=\"container\">\n\t\t\t\t\t<div class=\"e-con-inner\">\n\t\t<div class=\"elementor-element elementor-element-1bc0ee3 e-con-full e-flex e-con e-child\" data-id=\"1bc0ee3\" data-element_type=\"container\">\n\t\t\t\t<div class=\"elementor-element elementor-element-aacb263 elementor-widget elementor-widget-text-editor\" data-id=\"aacb263\" data-element_type=\"widget\" data-widget_type=\"text-editor.default\">\n\t\t\t\t<div class=\"elementor-widget-container\">\n\t\t\t\t\t\t\t\t\t<p>\u00a1Estamos aqu\u00ed para ayudarte! Cont\u00e1ctanos si tienes preguntas sobre nuestros programas, eventos exclusivos para clientes o verificaci\u00f3n de seguros. Llama al&nbsp;<a href=\"tel:8446824222\" style=\"background-color: rgba(255, 255, 255, 0); transition-property: all;\">(844) 682-4222<\/a>&nbsp;o rellena nuestro formulario de contacto hoy mismo.<\/p>\t\t\t\t\t\t\t\t<\/div>\n\t\t\t\t<\/div>\n\t\t\t\t<div class=\"elementor-element elementor-element-dd7a32a elementor-align-center elementor-widget elementor-widget-button\" data-id=\"dd7a32a\" data-element_type=\"widget\" data-widget_type=\"button.default\">\n\t\t\t\t<div class=\"elementor-widget-container\">\n\t\t\t\t\t\t\t\t\t<div class=\"elementor-button-wrapper\">\n\t\t\t\t\t<a class=\"elementor-button elementor-button-link elementor-size-sm\" href=\"https:\/\/abacentersfl.com\/es\/contactanos\/\">\n\t\t\t\t\t\t<span class=\"elementor-button-content-wrapper\">\n\t\t\t\t\t\t\t\t\t<span class=\"elementor-button-text\">Cont\u00e1ctanos Hoy<\/span>\n\t\t\t\t\t<\/span>\n\t\t\t\t\t<\/a>\n\t\t\t\t<\/div>\n\t\t\t\t\t\t\t\t<\/div>\n\t\t\t\t<\/div>\n\t\t\t\t<\/div>\n\t\t\t\t\t<\/div>\n\t\t\t\t<\/div>\n\t\t\t\t<\/div>","protected":false},"excerpt":{"rendered":"<p>Thank You for Visiting Our Booth during the Florida Panthers Autism Acceptance Night! We are grateful for every opportunity to demonstrate the professional services and exciting environments we provide to all our clients on the Autism Spectrum! Our therapists are compassionate and experienced, ready to work with your family to create an individualized care plan [&hellip;]<\/p>","protected":false},"author":17,"featured_media":0,"parent":0,"menu_order":0,"comment_status":"closed","ping_status":"closed","template":"","meta":{"site-sidebar-layout":"no-sidebar","site-content-layout":"","ast-site-content-layout":"full-width-container","site-content-style":"default","site-sidebar-style":"default","ast-global-header-display":"","ast-banner-title-visibility":"","ast-main-header-display":"","ast-hfb-above-header-display":"","ast-hfb-below-header-display":"","ast-hfb-mobile-header-display":"","site-post-title":"disabled","ast-breadcrumbs-content":"","ast-featured-img":"disabled","footer-sml-layout":"","theme-transparent-header-meta":"","adv-header-id-meta":"","stick-header-meta":"","header-above-stick-meta":"","header-main-stick-meta":"","header-below-stick-meta":"","astra-migrate-meta-layouts":"default","ast-page-background-enabled":"default","ast-page-background-meta":{"desktop":{"background-color":"var(--ast-global-color-4)","background-image":"","background-repeat":"repeat","background-position":"center center","background-size":"auto","background-attachment":"scroll","background-type":"","background-media":"","overlay-type":"","overlay-color":"","overlay-opacity":"","overlay-gradient":""},"tablet":{"background-color":"","background-image":"","background-repeat":"repeat","background-position":"center center","background-size":"auto","background-attachment":"scroll","background-type":"","background-media":"","overlay-type":"","overlay-color":"","overlay-opacity":"","overlay-gradient":""},"mobile":{"background-color":"","background-image":"","background-repeat":"repeat","background-position":"center center","background-size":"auto","background-attachment":"scroll","background-type":"","background-media":"","overlay-type":"","overlay-color":"","overlay-opacity":"","overlay-gradient":""}},"ast-content-background-meta":{"desktop":{"background-color":"var(--ast-global-color-5)","background-image":"","background-repeat":"repeat","background-position":"center center","background-size":"auto","background-attachment":"scroll","background-type":"","background-media":"","overlay-type":"","overlay-color":"","overlay-opacity":"","overlay-gradient":""},"tablet":{"background-color":"var(--ast-global-color-5)","background-image":"","background-repeat":"repeat","background-position":"center center","background-size":"auto","background-attachment":"scroll","background-type":"","background-media":"","overlay-type":"","overlay-color":"","overlay-opacity":"","overlay-gradient":""},"mobile":{"background-color":"var(--ast-global-color-5)","background-image":"","background-repeat":"repeat","background-position":"center center","background-size":"auto","background-attachment":"scroll","background-type":"","background-media":"","overlay-type":"","overlay-color":"","overlay-opacity":"","overlay-gradient":""}},"footnotes":""},"class_list":["post-5414","page","type-page","status-publish","hentry"],"_links":{"self":[{"href":"https:\/\/abacentersfl.com\/es\/wp-json\/wp\/v2\/pages\/5414","targetHints":{"allow":["GET"]}}],"collection":[{"href":"https:\/\/abacentersfl.com\/es\/wp-json\/wp\/v2\/pages"}],"about":[{"href":"https:\/\/abacentersfl.com\/es\/wp-json\/wp\/v2\/types\/page"}],"author":[{"embeddable":true,"href":"https:\/\/abacentersfl.com\/es\/wp-json\/wp\/v2\/users\/17"}],"replies":[{"embeddable":true,"href":"https:\/\/abacentersfl.com\/es\/wp-json\/wp\/v2\/comments?post=5414"}],"version-history":[{"count":0,"href":"https:\/\/abacentersfl.com\/es\/wp-json\/wp\/v2\/pages\/5414\/revisions"}],"wp:attachment":[{"href":"https:\/\/abacentersfl.com\/es\/wp-json\/wp\/v2\/media?parent=5414"}],"curies":[{"name":"wp","href":"https:\/\/api.w.org\/{rel}","templated":true}]}}